{"id":10157,"date":"2022-05-17T00:09:26","date_gmt":"2022-05-16T22:09:26","guid":{"rendered":"https:\/\/alhubconsulting.it\/?page_id=10157"},"modified":"2022-05-17T00:13:26","modified_gmt":"2022-05-16T22:13:26","slug":"datenschutzerklaerung","status":"publish","type":"page","link":"https:\/\/alhubconsulting.it\/de\/datenschutzerklaerung\/","title":{"rendered":"DATENSCHUTZERKL\u00c4RUNG"},"content":{"rendered":"\r\n<p><strong>DATENSCHUTZERKL\u00c4RUNG<\/strong><\/p>\r\n<p><strong>Der Rechtsanwalt<\/strong> \u00a0Angelo Langone, \u00a0Studio in <strong>Via<\/strong> Toselli nr.14 89015 Palmi (RC) \u2013 <strong>P.IVA<\/strong> 025909990806<\/p>\r\n<p><strong>pec:<\/strong> avvangelolangone@pec.it,<\/p>\r\n<p>als Datenverantwortlicher gem\u00e4\u03b2 der Artikel 4, Nr. 7 und 24\u00a0 der EU-Verordnung 2016\/679 \u00a0vom \u00a027. April 2016 bez\u00fcglich des Schutzes von nat\u00fcrlichen Personen betreffend der Verarbeitung personenbezogener Daten \u00a0(im folgenden \u201cVerordnung\u201d) informiert, gem. Artikel 13 und 14 der Verordnung, da\u03b2 er die Personendaten der Nutzer der Website \u00a0verarbeiten wird.<\/p>\r\n<ol>\r\n<li>Gegenstand der Verarbeitung (welche Daten werden behandelt)<\/li>\r\n<\/ol>\r\n<p>Gem\u00e4\u03b2 der EU-Verordnung zum Datenschutz k\u00f6nnen jurististische Personen nicht als betroffen angesehen werden, und deshalb kann die EU-Verordnung nicht angewandt werden. Wenn aber \u00a0im Rahmen der Firmendatenerhebung Daten einer nat\u00fcrlichen Person\u00a0 eingegeben werden, diese wird als betroffen angesehen, gem\u00e4\u03b2 der obengenannten Verordnung \u00a0mit jedem vorgesehenen Schutz. Die Betroffene, \u00a0nat\u00fcrliche Person, genie\u03b2t jeden Schutz, der von den nationalen und europ\u00e4ischen Normen des Datenschutzes vorgesehen ist.<\/p>\r\n<p>Auf unserer Website sammeln und verarbeiten wir die folgenden Kategorien der Personendaten:<\/p>\r\n<p><strong>KONTAKTIERE UNS:<\/strong> pers\u00f6nliche Daten und\u00a0 Kontaktinformationen \u00a0(Email und Telefonnummer).<\/p>\r\n<p><strong>NEWSLETTER:<\/strong> Emailadresse<\/p>\r\n<p><strong>KOMMENTIERE:<\/strong> um zu kommentieren mu\u03b2 der Nutzer seinen Namen nennen.<\/p>\r\n<p>In jedem Fall: verarbeiten wir die ip Adresse und die Log-Dateien<\/p>\r\n<ol start=\"2\">\r\n<li>Rechtsbasis und Verarbeitungszweck<\/li>\r\n<\/ol>\r\n<p>Die Datenverarbeitung erlaubt die Durchf\u00fchrung der T\u00e4tigkeiten bez\u00fcglich der Einf\u00fchrung und Verwaltung der vom Lizenzinhaber verlangten Dienstleistungen. Die Bereitstellung von Daten ist fakultativ, aber im Falle der Nichtauslieferung kann der Lizenzinhaber nicht die verlangten T\u00e4tigkeiten aus\u00fcben.<\/p>\r\n<p>Die Daten werden nach Treu und Glauben nur auf rechtm\u00e4\u03b2ige Weise verwendet und mit gr\u00f6\u03b2ter Vertraulichkeit, unter Beachtung der geeigneten Sicherheitsma\u03b2nahmen, wie vorgesehen \u00a0im Gesetzbuch und von der Verordnung.<\/p>\r\n<p>Die Verarbeitung erfolgt mit analogogen\/digitalen Mitteln. Die Daten werden nicht an die \u00d6ffentlichkeit weitergegeben.<\/p>\r\n<p>Im Besonderen:<\/p>\r\n<p><strong>KONTAKTIERE UNS:<\/strong> Der Zweck, mit uns in Kontakt zu treten ist, Informationen \u00fcber die Dienstleistungen, die wir bieten zu verlangen. Die Rechtsbasis ist die Ausf\u00fchrung der vorvertraglichen Ma\u03b2nahmen\u00a0 auf \u00a0Verlangen des Interessierten; \u00a0wenn vom Inhalt der Kommunikation davon ausgegangen werden kann, da\u03b2 Einw\u00e4nde erhoben werden, werden \u00a0die Daten, \u00a0soweit \u00a0dies unbedingt erforderlich ist, zum Schutz der betreffenden Person behandelt, und das entspricht dem legitimen Interesse der Person.<\/p>\r\n<p><strong>NEWSLETTER:<\/strong> Der Zeck ist, \u00fcber die Neuigkeiten informiert zu sein, und die Rechtsbasis ist die Zustimmung des Interessierten.<\/p>\r\n<p><strong>BLOG:<\/strong> der Zweck ist, dem Nutzer zu erlauben , mit der Plattform zu interagieren, die\u00a0 eingestellten Artikel zu kommentieren \u00a0und die Rechtsbasis ist die Zustimmung des Interessierten.<\/p>\r\n<p>&nbsp;<\/p>\r\n<p>Adresse \u00a0ip und Log-Dateien: wir behandeln die Daten im legitimen Interesse der Gesellschaft \u00a0in Informationssicherheit.<\/p>\r\n<ol start=\"3\">\r\n<li>Verarbeitungsweise und Speicherdauer<\/li>\r\n<\/ol>\r\n<p>Der Verantwortliche verarbeitet die pers\u00f6nlichen Daten f\u00fcr den Zeitraum, der f\u00fcr die obengenannten\u00a0 Zwecke\u00a0 n\u00f6tig ist, und in jedem Fall f\u00fcr:<\/p>\r\n<p><strong>KONTAKTIERE UNS:<\/strong> die Daten werden nach der Beantwortung\u00a0 Ihrer Anfragen gel\u00f6scht, im Fall der Notwendigkeit einen Nachweis zu f\u00fchren, wird alle 12 Monate die Veralterung der Daten gepr\u00fcft. Sollten vom Inhalt der Korrespondenz m\u00f6gliche Beanstandungen oder Rechtsstreitigkeiten entstehen, werden die Daten l\u00e4nger aufbewahrt, und zwar bis zum\u00a0 Abschlu\u03b2 des eventuellen Rechtsstreites oder in jedem Fall bis zur Verj\u00e4hrungsfrist und zum Verfall der zivilen und penalen Anspr\u00fcche.<\/p>\r\n<p><strong>BLOG:<\/strong> die Kommentare\u00a0 bleiben \u00f6ffentlich bis zur\u00a0 Veralterung, und in jedem Fall wird alle 12 Monate \u00fcberpr\u00fcft und eventuell gel\u00f6scht. Der Interessierte hat das Recht, jederzeit die L\u00f6schung zu verlangen.<\/p>\r\n<p><strong>NEWSLETTER:<\/strong> 5 Jahre nach dem letzten Versand wird der Nutzer von der Mailingliste gel\u00f6scht. Er kann jederzeit das Recht des optout aus\u00fcben.<\/p>\r\n<p>Adresse ip und Log-Dateien: die Daten werden nach\u00a0 24 \u00a0Monatgen gel\u00f6scht.<\/p>\r\n<ol start=\"4\">\r\n<li>Daten\u00fcbermittlung<\/li>\r\n<\/ol>\r\n<p>Der Verantwortliche kann die Daten f\u00fcr die im\u00a0 Artikel 2 genannten Zwecke \u00fcbermitteln an alle \u00a0Personen f\u00fcr die die Weitergabe der Daten laut Gesetz obbligatorisch ist f\u00fcr\u00a0 die Erf\u00fcllung der Zwecke, die vom Gesetz vorgesehen sind.\u00a0 Die Daten werden aber nicht \u00f6ffentlich bekannt gemacht.<\/p>\r\n<p>Die Daten werden an Fachleute,\u00a0 ausgew\u00e4hlte Dienstanbieter, weitergegeben, die sie als unabh\u00e4ngige Verantwortliche verarbeiten und die gem. Art. 14 GDPR entsprechende Datenschutzinformationen bereitstellen.<\/p>\r\n<ol start=\"5\">\r\n<li>Aufbewahrungsort und Daten\u00fcbertragung<\/li>\r\n<\/ol>\r\n<p>Die Verwaltung und Speicherung der personenbezogenen Daten erfolgt auf Servern des Verantwortlichen und\/oder von\u00a0 Drittunternehmen innerhalb der\u00a0 Europ\u00e4ischen Union, die als Verantwortliche f\u00fcr Datenverarbeitung beauftragt und ordnungsgem\u00e4\u03b2 ernannt wurden. Zurzeit befinden sich die Server in Deutschland.<\/p>\r\n<p>Versand von Newslettern,<\/p>\r\n<ol>\r\n<li>a) der Verantwortliche garantiert, da\u03b2 die Server der Gesellschaft, ernannt f\u00fcr die Datenverarbeitung, sich in Europa befinden;<\/li>\r\n<li>b) der Verantwortliche f\u00fcr die Datenverarbeitung beabsichtigt, den Standort der Server in L\u00e4nder au\u03b2erhalb der EU zu verlegen. Er versichert schon jetzt, da\u03b2 die Daten\u00fcbertragung in die L\u00e4nder au\u03b2erhalb der EU gem\u00e4\u03b2 den geltenden Gesetzen erfolgen wird, und wenn n\u00f6tig, werden Vereinbarungen getroffen, die ein angemessenes Schutzniveau garantieren und\/oder es werden Standardvertragsklauseln ergriffen, die von der EU-Kommission vorgesehen sind. Im Besonderen auf geeignete, angemessene\u00a0 Garantien hinweisen \u00a0und die Mittel um eine Kopie zu erhalten von diesen Daten oder dem Ort, wo sie zur Verf\u00fcgung gestellt wurden.]<\/li>\r\n<li>Rechte des Nutzers<\/li>\r\n<\/ol>\r\n<p>Der Nutzer, in seiner Eigenschaft als Interessent, in den in Punkt 1 genannten Formen und Grenzen \u00a0hat die Rechte gem\u00e4\u03b2 Artikel 15 der Verordnung, und zwar:<\/p>\r\n<ol>\r\n<li>Der Nutzer hat das Recht auf die Best\u00e4tigung der Existenz von personenbezogenen Daten, auch wenn dieser noch nicht registriert ist, und da\u03b2 diese Daten in verst\u00e4ndlicher Form zur Verf\u00fcgung gestellt werden.<\/li>\r\n<\/ol>\r\n<p>&nbsp;<\/p>\r\n<ol start=\"2\">\r\n<li>Der Nutzer hat das Recht folgende Angaben zu erhalten:<\/li>\r\n<li>a) Herkunft der personenbezogenen Daten;<\/li>\r\n<li>b) Zweck und Art der Verarbeitung;<\/li>\r\n<li>c) das angewandte System, falls die Daten elektronisch verarbeitet werden;<\/li>\r\n<li>d) Angaben zur Identifizierung des Inhabers, der Verantwortlichen und des benannten Vertreters;<\/li>\r\n<\/ol>\r\n<p>e )der Personen oder Kategorien von Personen, denen die personenbezogenen Daten \u00fcbermittelt werden k\u00f6nnen oder die Kenntnis von den Daten erlangen k\u00f6nnen in ihrer Eigenschaft als benannter Vertreter im Hoheitsgebiet des Staates, als Verantwortliche oder Beauftragte.<\/p>\r\n<ol start=\"3\">\r\n<li>Der Nutzer hat das Recht, Folgendes zu erhalten:<\/li>\r\n<li>a) die Aktualisierung, Berichtigung oder, sofern interessiert, die Erg\u00e4nzung der Daten;<\/li>\r\n<li>b) die L\u00f6schung, Umwandlung in eine anonyme Form oder Sperrung der widerrechtlich verarbeiteten Daten, einschlie\u03b2lich solcher, die nicht gespeichert werden m\u00fcssen, bez\u00fcglich der Zwecke, f\u00fcr die sie gesammelt oder sp\u00e4ter verarbeitet wurden;<\/li>\r\n<li>c) Best\u00e4tigung, da\u03b2 die unter den Punkten a) und b) angegebenen Vorg\u00e4nge denen zur Kenntnis gebracht wurden, auch hinsichtlich ihres Inhaltes, an die die Daten weitergegeben oder verbreitet wurden, sofern das nicht unm\u00f6glich ist oder einen gegen\u00fcber dem zu sch\u00fctzenden Recht\u00a0 unverh\u00e4ltnism\u00e4\u03b2igen Aufwand erfordert.<\/li>\r\n<li>Der Nutzer hat das Recht, gegen alles oder einen Teil Einspruch zu erheben:<\/li>\r\n<li>a) aus berechtigten Gr\u00fcnden wegen der Behandlung seiner personenbezogenen Daten, selbst wenn diese dem Zweck, f\u00fcr den sie erfasst wurden, angemessen sind;<\/li>\r\n<li>b) gegen die Bearbeitung der ihn betreffenden pers\u00f6nlichen Daten f\u00fcr Zwecke, die nicht unter Artikel 2 fallen.<\/li>\r\n<\/ol>\r\n<p>Auch gem\u00e4\u03b2 Artikel 15 und folgende des GDPR hat der Nutzer das Recht, jederzeit Zugang zu seinen pers\u00f6nliche Daten zu beantragen, die Berichtigung der Daten oder die L\u00f6schung,\u00a0 die Einschr\u00e4nkung der Verarbeitung gem\u00e4\u03b2 Artikel 18 des GDPR, seine pers\u00f6nlichen Daten zu erhalten, in einem strukturierten Format, im allgemeinen Gebrauch und lesbar durch automatisches Ger\u00e4t, gem\u00e4\u03b2 Artikel 20 des GDPR. Zu jeder Zeit kann der Nutzer nach Artikel 7 des GDPR sein Einverst\u00e4ndnis widerrufen, Beschwerden bei der zust\u00e4ndigen Aufsichtsbeh\u00f6rde einreichen gem\u00e4\u03b2 Artikel 77 des GDPR, wenn er der Ansicht ist, da\u03b2 die Verarbeitung seiner Daten \u00a0im Widerspruch zu den geltenden Rechtsvorschriften steht.<\/p>\r\n<p>Der Nutzer kann einen Antrag auf Widerspruch gegen die Verarbeitung seiner pers\u00f6nlichen Daten stellen gem\u00e4\u03b2 Artikel 21 des GDPR, in dem er Gr\u00fcnde aufzeigt, die seinen Einspruch rechtfertigen: der Verantwortliche\u00a0 beh\u00e4lt sich vor, den Antrag zu pr\u00fcfen , der Antrag w\u00fcrde abgelehnt, falls berechtigte, zwingende Gr\u00fcnde f\u00fcr die Datenverarbeitung vorhanden w\u00e4ren, die die Interessen, Rechte und Freiheiten des Nutzers in den Hintergrund dr\u00e4ngen.<\/p>\r\n<p>Der Nutzer kann jederzeit das Recht nach dem obengenannten Artikel aus\u00fcben, er kann senden:<\/p>\r\n<p>\u2013 eine E-mail an:<\/p>\r\n<p>\u2013 ein Einschreiben an: info@alhubconsulting.it<\/p>\r\n<p>&nbsp;<\/p>\r\n<p>&nbsp;<\/p>\r\n<p><strong>Cookie<\/strong><\/p>\r\n<p>Bez\u00fcglich der Cookies, die in Ihrem Rechner installiert werden, informieren wir Sie, da\u03b2 die Bereitstellung von Daten fakultativ ist. Einige dieser Cookies sind\u00a0 jedoch f\u00fcr das reibungslose Funktionieren der Website notwendig, ohne Zustimmung k\u00f6nnte die Website nicht funtionieren.<\/p>\r\n<p>&nbsp;<\/p>\r\n<p>Diese Information \u00fcber die Verwendung von Cookies auf dieser Website\u00a0 ist f\u00fcr den Nutzer bereitgestellt laut der Verf\u00fcgung des Datenschutzbeauftragten vom 8. Mai 2014 \u00a0\u201cIdentifizierung vereinfachter Verfahren f\u00fcr die Information und \u00dcbernahme der Einwilligung f\u00fcr die Verwendung von Cookies\u201d, der Richtlinien f\u00fcr die Verwendung von Cookies und anderen \u00dcberwachungselementen\u00a0 vom 10. Juli 2021 und gem\u00e4\u03b2 der Artikel 12, 13 und 14 des GDPR.<\/p>\r\n<p><strong>Was sind Cookies?<\/strong><\/p>\r\n<p>Cookies sind kleine Textdateien, die dem Nutzer von der von ihm besuchten Website gesendet sind. Sie werden auf der Festplatte des Rechners gespeichert, so erm\u00f6glichen sie der Website , die Nutzer zu erkennen und bestimmte Informationen \u00fcber sie zu speichern, um die angebotenen Dienstleistungen zu erm\u00f6glichen und zu verbessern.<\/p>\r\n<p>Es gibt verschiedene Arten von Cookies. Einige\u00a0 sind\u00a0 notwendig, um auf der Website zu surfen, andere haben unterschiedliche Zwecke, wie die interne Sicherheit\u00a0 garantieren, das System verwalten, statistische Analysen durchf\u00fchren, verstehen, welche Bereiche auf der Website f\u00fcr den Nutzer interessanter sind, usw.<\/p>\r\n<p><strong>WIE VIELE\u00a0 ARTEN VON COOKIES GIBT ES?<\/strong><\/p>\r\n<p><strong>TECHNISCHE COOKIES<\/strong><\/p>\r\n<p>Sie sind generell notwendig f\u00fcr das korrekte Funtionieren der Website und das Surfen im Internet; ohne sie\u00a0 w\u00e4re man nicht in der Lage, die Seiten korrekt zu sehen oder einige Dienstleistungen zu nutzen. Zum Beispiel ist ein technisches\u00a0 Cookie unerl\u00e4\u03b2lich, um\u00a0 den\u00a0 Benutzer w\u00e4hrend des Besuchs auf der Website in Verbindung zu halten, oder die Spracheinstellungen, die Anzeige usw. zu speichern.<\/p>\r\n<p>Sie werden nicht f\u00fcr andere Zwecke verwendet, und normalerweise werden sie direkt vom Inhaber oder Verwalter der Website installiert. F\u00fcr die Installation dieser Cookies\u00a0 ist die vorherige Zustimmung des Benutzers nicht erforderlich.<\/p>\r\n<p>Diese Cookies teilen sich in:<\/p>\r\n<ol>\r\n<li>Wesentliche Cookies , zwingend notwendig f\u00fcr den Betrieb der Website. Ohne sie w\u00fcrden einige Bereiche der Website nicht funtionieren. Dazu geh\u00f6ren zum Beispiel die Cookies, di den Zugang zu den gesch\u00fctzten Bereichen der Website gew\u00e4hren. Diese Cookies speichern keine Informationen f\u00fcr Marketingzwecke und k\u00f6nnen nicht deaktiviert werden;<\/li>\r\n<li>Sitzungscookie ,sie werden direkt nach dem Schlie\u03b2en einer Browsersitzung entfernt ;<\/li>\r\n<\/ol>\r\n<p>c.Dauerhafte \u00a0Cookiesi, im Gegensatz zu den Sitzungscookies bleiben diese eine Zeit lang auf dem Rechner gespeichert. \u00a0Sie werden verwendet, um das verbindende\u00a0 Ger\u00e4t\u00a0 zu erkennen und somit die Authentifizierung des Benutzers zu erleichtern;<\/p>\r\n<ol>\r\n<li>Analytische Cookies, \u00e4hnlich wie technische Cookies sofern sie direkt vom Verwalter der Website verwendet werden, um Informationen in aggregierter Form zu sammeln \u00fcber die Anzahl der Benutzer und dar\u00fcber, wie sie die Website besuchen;<\/li>\r\n<li>Funktionalit\u00e4tscookies, sie erm\u00f6glichen dem Benutzer das Navigieren unter Heranziehung einer Reihe ausgew\u00e4hlter Kriterien (zum Beispiel die Sprache, die ausgew\u00e4hlten Produkte f\u00fcr den Kauf)\u00a0 um die Dienstleistungen f\u00fcr den Nutzer zu verbessern.<\/li>\r\n<\/ol>\r\n<p><strong>PROFILING-COOKIES<\/strong><\/p>\r\n<p>Diese Cookies haben die Aufgabe ein Profil des Nutzers zu erstellen und werden verwendet um Werbebotschaften zu versenden , die\u00a0 den Pr\u00e4ferenzen entsprechen, die der Nutzer w\u00e4hrend der Navigation offenbart hat. Diese Website benutzt keine Profilingcookies.<\/p>\r\n<p><strong>COOKIES VON DRITTANBIETERN<\/strong><\/p>\r\n<p>Sie werden von Personen erzeugt und verwaltet, die nicht die Website verwalten, auf der der Nutzer surft (im allgemeinen aufgrund eines Vertrags zwischen dem Websiteinhaber und dem Dritten).<\/p>\r\n<p>Diese Website verwendet Cookies von Dritten f\u00fcr:<\/p>\r\n<ol>\r\n<li>\u00dcberwachung der Besuche und Erstellung von Statistiken \u00fcber die T\u00e4tigkeiten der Benutzer der Website<\/li>\r\n<\/ol>\r\n<p>\u00a0\u2013 Google Analytics<\/p>\r\n<p>Google Analytics werden verwendet um die Besuche\u00a0 zu \u00fcberwachen und um aggregierte Statistiken\u00a0 \u00fcber die Aktivit\u00e4t der Website zu erhalten.\u00a0 Wir kennen deinen Identificator nicht und haben keine M\u00f6glichkeit, den Besucher der Website zu identifizieren.\u00a0 Google jedoch kann dies.\u00a0 Die Datenverarbeitung in Europa erfolgt, wenn der Internetsurfer an eine europ\u00e4ische IP angeschlossen ist. Hier der Link zur Datenschutzerkl\u00e4rung: https:\/\/policies.google.com\/technologies\/cookies?hl=it<\/p>\r\n<ol start=\"2\">\r\n<li>Targeting und Werbung<\/li>\r\n<\/ol>\r\n<p>\u2013 Remarketing mit Google<\/p>\r\n<p>Remarketing mit Google ist ein Remarketing- und Behavioral-Targeting-Dienst von \u00a0Google LLC oder von \u00a0Google Ireland Limited, \u00a0je nach dem Standort wo die Website verwendet wird, er verbindet die Tracking-Aktivit\u00e4ten von Google Analytics und seiner Cookies mit dem Google Ads-Werbenetzwerk und dem DoubleClick-Cookie.<\/p>\r\n<p>Kurz gesagt Google weist dem Internet-Surfer eine Kennung zu, die in einem Cookie gespeichert ist. Diese Kennung ist notwendig um die Werbung \u00a0im Google-Netzwerk und in allen Websites, die AdSense verwenden zu personalisiereni.<\/p>\r\n<p>Die Datenverarbeitung in Europa erfolgt, wenn der Internetsurfer an eine europ\u00e4ische IP angeschlossen ist. Hier der Link zur Datenschutzerkl\u00e4rung:\u00a0 http:\/\/www.google.com\/intl\/it\/policies\/privacy\/<\/p>\r\n<ol start=\"3\">\r\n<li>Interaktion mit den Webseiten:<\/li>\r\n<\/ol>\r\n<p><strong>Taste Gef\u00e4llt mir und soziales Widget von Facebook (Facebook, Inc.)<\/strong><\/p>\r\n<p>Taste Gef\u00e4llt mir und soziales Widget von Facebook\u00a0 sind\u00a0 Dienste f\u00fcr die Interaktion mit dem sozialen Netzwerk\u00a0 Facebook von Face book Inc.<\/p>\r\n<p>Gesammelte pers\u00f6nliche Daten: \u00a0Cookies und Nutzungsdaten<\/p>\r\n<p>Ort der Verarbeitung : USA \u2013 https:\/\/www.facebook.com\/privacy\/explanation<\/p>\r\n<p><strong>Taste Tweet und soziales Widget von \u00a0Instagram (instagram, Inc.):<\/strong><\/p>\r\n<p>Die sozialen Widgets von Instagram sind Dienste f\u00fcr die Interaktion mit dem sozialen Netzwerk \u00a0Instagram, von Instagram, Inc.<\/p>\r\n<p>Gesammelte pers\u00f6nliche Daten:\u00a0 Cookies und Nutzungsdaten<\/p>\r\n<p>Ort der Verarbeitung : USA \u2013 https:\/\/help.instagram.com\/519522125107875<\/p>\r\n<p><strong>Taste \u201cLinkedin\u201d und \u00a0widget sociali von Linkedin (Linkedin)<\/strong><\/p>\r\n<p>Die Taste \u00a0\u201cLinkedin\u201d und soziales Widget von \u00a0Linkedin sind Dienste f\u00fcr die Interaktion mit der Plattform Linkedin, von Linkedin Inc.<\/p>\r\n<p>Gesammelte pers\u00f6nliche Daten:\u00a0 Cookies und Nutzungsdaten<\/p>\r\n<p>Ort der Verarbeitung : USA \u2013 https:\/\/it.linkedin.com\/legal\/privacy-policy?<\/p>\r\n<p>&nbsp;<\/p>\r\n<p><strong>WIE KANN MAN COOKIES DEAKTIVIEREN :<\/strong><\/p>\r\n<p>Wir geben Ihnen\u00a0 im Folgenden die Anleitungen, wie Sie die Cookies deaktivieren k\u00f6nnen:<\/p>\r\n<p>\u2013 Bei Nutzung von Internet Explorer : http:\/\/windows.microsoft.com\/it-it\/windows7\/block-enable-or-allow-cookies<\/p>\r\n<p>\u2013 Bei Nutzung von \u00a0Chrome : https:\/\/support.google.com\/accounts\/answer\/61416?hl=it<\/p>\r\n<p>\u2013Bei \u00a0\u00a0\u00a0 Nutzung von\u00a0 Firefox : https:\/\/support.mozilla.org\/it\/kb\/Attivare%20e%20disattivare%20i%20cookie<\/p>\r\n<p>\u2013 Bei Nutzung von \u00a0Safari si iPad, Iphone, iPod: https:\/\/support.apple.com\/it-it\/HT201265<\/p>\r\n<p>\u2013 Bei Nutzung von anderen Browsern: http:\/\/it.wikihow.com\/Disattivare-i-Cookies\u201d),<\/p>\r\n<ul>\r\n<li><em>ANONYMES SURFEN<\/em><\/li>\r\n<\/ul>\r\n<p>Um zu erfahren, wie die Option auf den wichtigsten Suchmaschinen aktiviert werden kann, klicken Sie auf den von Ihnen verwendeten Browser:<\/p>\r\n<p>Internet Explorer (http:\/\/windows.microsoft.com\/it-IT\/windows7\/Block-enable-or-allow-cookies),<\/p>\r\n<p>Google Chrome (https:\/\/support.google.com\/chrome\/answer\/95464?hl=it),<\/p>\r\n<p>Mozilla Firefox (https:\/\/support.mozilla.org\/it\/kb\/Navigazione anonima),<\/p>\r\n<p>Opera Browser (http:\/\/help.opera.com\/opera\/Windows\/1781\/it\/private.html#privateWindow),<\/p>\r\n<p>Apple Safari (https:\/\/support.apple.com\/it-it\/HT6074).<\/p>","protected":false},"excerpt":{"rendered":"<p>DATENSCHUTZERKL\u00c4RUNG Der Rechtsanwalt \u00a0Angelo Langone, \u00a0Studio in Via Toselli nr.14 89015 Palmi (RC) \u2013 P.IVA 025909990806 pec: avvangelolangone@pec.it, als Datenverantwortlicher gem\u00e4\u03b2 der Artikel 4, Nr. 7 und 24\u00a0 der EU-Verordnung 2016\/679 \u00a0vom \u00a027. April 2016 bez\u00fcglich des Schutzes von nat\u00fcrlichen Personen betreffend der Verarbeitung personenbezogener Daten \u00a0(im folgenden \u201cVerordnung\u201d) informiert, gem. Artikel 13 und 14 [&hellip;]<\/p>\n","protected":false},"author":1,"featured_media":0,"parent":0,"menu_order":0,"comment_status":"closed","ping_status":"closed","template":"","meta":{"footnotes":""},"class_list":["post-10157","page","type-page","status-publish","hentry"],"_links":{"self":[{"href":"https:\/\/alhubconsulting.it\/de\/wp-json\/wp\/v2\/pages\/10157","targetHints":{"allow":["GET"]}}],"collection":[{"href":"https:\/\/alhubconsulting.it\/de\/wp-json\/wp\/v2\/pages"}],"about":[{"href":"https:\/\/alhubconsulting.it\/de\/wp-json\/wp\/v2\/types\/page"}],"author":[{"embeddable":true,"href":"https:\/\/alhubconsulting.it\/de\/wp-json\/wp\/v2\/users\/1"}],"replies":[{"embeddable":true,"href":"https:\/\/alhubconsulting.it\/de\/wp-json\/wp\/v2\/comments?post=10157"}],"version-history":[{"count":5,"href":"https:\/\/alhubconsulting.it\/de\/wp-json\/wp\/v2\/pages\/10157\/revisions"}],"predecessor-version":[{"id":10165,"href":"https:\/\/alhubconsulting.it\/de\/wp-json\/wp\/v2\/pages\/10157\/revisions\/10165"}],"wp:attachment":[{"href":"https:\/\/alhubconsulting.it\/de\/wp-json\/wp\/v2\/media?parent=10157"}],"curies":[{"name":"wp","href":"https:\/\/api.w.org\/{rel}","templated":true}]}}